{"id":61,"date":"2021-04-05T06:49:36","date_gmt":"2021-04-05T06:49:36","guid":{"rendered":"http:\/\/www.sfalvorninha.pt\/index.php\/contact-us\/"},"modified":"2026-04-07T08:29:01","modified_gmt":"2026-04-07T08:29:01","slug":"contact-us","status":"publish","type":"page","link":"https:\/\/www.sfalvorninha.pt\/index.php\/contact-us\/","title":{"rendered":"Contacto"},"content":{"rendered":"<div class=\"brz brz-root__container brz-reset-all brz-root__container-page\">\n<section id=\"9e20e2b3f44f820247c3_d5unqQaLALP_\" style=\"height:auto\" class=\"brz-section brz-section__header brz-section__header-type--fixed brz-css-19xdojw brz-css-hbdm5w\">\n<div class=\"brz-section__header--fixed\">\n<div class=\"brz-section__menu-item brz-css-pag9t1 brz-css-389ebz\" data-brz-custom-id=\"zRD431TRCZIR\">\n<div class=\"brz-bg\">\n<div class=\"brz-bg-color\"><\/div>\n<\/div>\n<div class=\"brz-container brz-css-1avpp6q brz-css-1j0kw43\">\n<div class=\"brz-row__container brz-css-wfzaqn brz-css-1xxpzk4\" data-brz-custom-id=\"vTsM7L_PaOal\">\n<div class=\"brz-bg\"><\/div>\n<div class=\"brz-row brz-css-19z0eg7 brz-css-ila34z\">\n<div class=\"brz-columns brz-css-1q54nuy brz-css-1ikmii4\" data-brz-custom-id=\"tHuZMuFbvuAi\">\n<div class=\"brz-column__items brz-css-13g7o1v brz-css-80qsd1\">\n<div class=\"brz-wrapper-clone brz-flex-xs-wrap brz-css-1fuxmof brz-css-1b9bmzz\" data-brz-custom-id=\"wR9aloZQLxit\"><a class=\"brz-a brz-btn brz-css-tc9ogx brz-css-8hafcc brz-css-w666c2 brz-css-1h0ffm6\" href=\"https:\/\/www.sfalvorninha.pt\/index.php\/contact-us\/\" target=\"_self\" rel=\"noopener\" data-brz-link-type=\"external\" data-brz-custom-id=\"iY64OYret0sz\"><span data-brz-translate-text=\"1\" class=\"brz-span brz-text__editor\">filarmonica.alvorninha@gmail.com <\/span><\/a><a class=\"brz-a brz-btn brz-css-tc9ogx brz-css-b3gdk9 brz-css-w666c2 brz-css-1a21fr7\" href=\"https:\/\/www.sfalvorninha.pt\/index.php\/contact-us\/\" target=\"_self\" rel=\"noopener\" data-brz-link-type=\"external\" data-brz-custom-id=\"fss0RkKf08NG\"><span data-brz-translate-text=\"1\" class=\"brz-span brz-text__editor\">916525680<\/span><\/a><\/div>\n<\/div>\n<\/div>\n<div class=\"brz-columns brz-css-1q54nuy brz-css-xghlxy\" data-brz-custom-id=\"wO0GZDXywDHa\">\n<div class=\"brz-column__items brz-css-13g7o1v brz-css-12hkbcp\">\n<div id=\"\" class=\"brz-css-176hw7s brz-css-1ees02l brz-wrapper\">\n<div class=\"brz-image brz-css-bk6wbq brz-css-su65e5\" data-brz-custom-id=\"xf6HuawLPJ3A\"><a class=\"brz-a\" href=\"https:\/\/www.sfalvorninha.pt\/\" target=\"_self\" rel=\"noopener\" data-brz-link-type=\"external\"><img decoding=\"async\" class=\"brz-img\" src=\"https:\/\/www.sfalvorninha.pt\/wp-content\/uploads\/brizy\/imgs\/logo_sfa_escura-220x51x0x0x220x51x1617897115.png\" title=\"\" loading=\"lazy\"><\/a><\/div>\n<\/div>\n<\/div>\n<\/div>\n<div class=\"brz-columns brz-css-1q54nuy brz-css-hp1o1u\" data-brz-custom-id=\"qod5Fu4VpvM8\">\n<div class=\"brz-column__items brz-css-13g7o1v brz-css-188niad\">\n<div class=\"brz-wrapper-clone brz-flex-xs-wrap brz-css-1fuxmof brz-css-th0u6z\" data-brz-custom-id=\"j39UQ4Fa4rKv\">\n<div class=\"brz-icon__container\" data-brz-custom-id=\"ohvYQzxAkTyZ\"><a class=\"brz-a\" href=\"https:\/\/pt-pt.facebook.com\/sociedadefilarmonicalvorninha\/\" target=\"_blank\" rel=\"noopener\" data-brz-link-type=\"external\"><span class=\"brz-icon brz-span brz-css-19oi1ls brz-css-9qhlqw\"><\/span><\/a><\/div>\n<div class=\"brz-icon__container\" data-brz-custom-id=\"aUKTam6wWgya\"><a class=\"brz-a\" href=\"https:\/\/instagram.com\/s_f_alvorninha?utm_medium=copy_link\" target=\"_blank\" rel=\"noopener\" data-brz-link-type=\"external\"><span class=\"brz-icon brz-span brz-css-19oi1ls brz-css-18hs6yf\"><\/span><\/a><\/div>\n<\/div>\n<\/div>\n<\/div>\n<div class=\"brz-columns brz-css-1q54nuy brz-css-nhm4mw\" data-brz-custom-id=\"myKkAOy2algh\">\n<div class=\"brz-column__items brz-css-13g7o1v brz-css-1q3mlw6\">\n<div class=\"brz-wrapper-clone brz-flex-xs-wrap brz-css-1fuxmof brz-css-1t60lq2\" data-brz-custom-id=\"wfJPoDsv4Qzh\"><a class=\"brz-a brz-btn brz-css-tc9ogx brz-css-920t46 brz-css-w666c2 brz-css-1h3w6os\" href=\"https:\/\/docs.google.com\/forms\/d\/e\/1FAIpQLSfQAxtbujmOV-_8IoDpV_aV5GS3ja97Xq2De7hQejl1lNbFKQ\/viewform\" target=\"_blank\" rel=\"noopener\" data-brz-link-type=\"external\" data-brz-custom-id=\"uibgH5JtwTpW\"><span data-brz-translate-text=\"1\" class=\"brz-span brz-text__editor\">&nbsp;Inscri\u00e7\u00e3o Escola de M\u00fasica<\/span><\/a><a class=\"brz-a brz-btn brz-css-tc9ogx brz-css-5doibz brz-css-w666c2 brz-css-118jwow\" href=\"https:\/\/docs.google.com\/forms\/d\/e\/1FAIpQLSdnUg1aufMSNw6exKt9zr3ANzhjb7Go-uoV4kDhDwqVYjVoIQ\/viewform\" target=\"_blank\" rel=\"noopener\" data-brz-link-type=\"external\" data-brz-custom-id=\"hn4vLrQtepQT\"><span data-brz-translate-text=\"1\" class=\"brz-span brz-text__editor\">Fa\u00e7a-se S\u00f3cio<\/span><\/a><\/div>\n<\/div>\n<\/div>\n<\/div>\n<\/div>\n<div class=\"brz-row__container brz-css-wfzaqn brz-css-imsmzi\" data-brz-custom-id=\"rFVdBUvcc6XD\">\n<div class=\"brz-row brz-css-19z0eg7 brz-css-1tudb16\">\n<div class=\"brz-columns brz-css-1q54nuy brz-css-14hljx4\" data-brz-custom-id=\"oDNR8b3eE0TC\">\n<div class=\"brz-column__items brz-css-13g7o1v brz-css-1ib9hu4\">\n<div id=\"\" class=\"brz-css-176hw7s brz-css-2yx5p0 brz-wrapper\">\n<div class=\"brz-menu__container brz-css-1fsr8ss brz-css-1kejnkp\" data-mmenu-id=\"#tiJieq1WARd3_d82030cd9596a25e66d3\" data-mmenu-position=\"position-right\" data-mmenu-title=\"Main Menu\" data-mmenu-stickytitle=\"on\" data-mmenu-closingicon=\"%7B%22desktop%22%3A%22off%22%2C%22tablet%22%3A%22off%22%2C%22mobile%22%3A%22off%22%7D\" data-brz-custom-id=\"tiJieq1WARd3\">\n<nav data-mods=\"%7B%22desktop%22%3A%22horizontal%22%2C%22tablet%22%3A%22horizontal%22%2C%22mobile%22%3A%22horizontal%22%7D\" class=\"brz-menu brz-menu__preview brz-css-r3kzec brz-css-1igyet8\">\n<ul class=\"brz-menu__ul\" data-menu-items-active=\"\">\n<li data-menu-item-id=\"31ddd5b6c71257b0c8d85249005425ee\" class=\"brz-menu__item menu-item menu-item-type-custom menu-item-object-custom menu-item-home\"><a class=\"brz-a\" target=\"\" href=\"https:\/\/www.sfalvorninha.pt\/\" title=\"\"><span class=\"brz-span\">In\u00edcio<\/span><\/a><\/li>\n<li data-menu-item-id=\"f12a2a38aede4a14594bcf53e4ac15e0\" class=\"brz-menu__item menu-item menu-item-type-custom menu-item-object-custom\"><a class=\"brz-a\" target=\"\" href=\"https:\/\/www.sfalvorninha.pt\/index.php\/about-us\" title=\"\"><span class=\"brz-span\">Sobre<\/span><\/a><\/li>\n<li data-menu-item-id=\"456909a9f6efb34c60555b57c5730e7a\" class=\"brz-menu__item menu-item menu-item-type-custom menu-item-object-custom\"><a class=\"brz-a\" target=\"\" href=\"https:\/\/www.sfalvorninha.pt\/index.php\/history\" title=\"\"><span class=\"brz-span\">Hist\u00f3ria<\/span><\/a><\/li>\n<li data-menu-item-id=\"7e924426fde49b2ef9cba2591f6ce17d\" class=\"brz-menu__item menu-item menu-item-type-post_type menu-item-object-page\"><a class=\"brz-a\" target=\"\" href=\"https:\/\/www.sfalvorninha.pt\/index.php\/school\/\" title=\"\"><span class=\"brz-span\">Escola<\/span><\/a><\/li>\n<li data-menu-item-id=\"3d4c7070d0aed930c13dced88a96495a\" class=\"brz-menu__item menu-item menu-item-type-post_type menu-item-object-page\"><a class=\"brz-a\" target=\"\" href=\"https:\/\/www.sfalvorninha.pt\/index.php\/noticias\/\" title=\"\"><span class=\"brz-span\">Not\u00edcias<\/span><\/a>\n<ul class=\"brz-menu__sub-menu\">\n<li data-menu-item-id=\"914f02f9d1675060f518b33c2586a7e0\" class=\"brz-menu__item menu-item menu-item-type-post_type menu-item-object-page\"><a class=\"brz-a\" target=\"\" href=\"https:\/\/www.sfalvorninha.pt\/index.php\/sfa-azeitonas\/\" title=\"\"><span class=\"brz-span\">SFA &amp; Azeitonas<\/span><\/a><\/li>\n<li data-menu-item-id=\"973179e6ad801710093e13e66369a728\" class=\"brz-menu__item menu-item menu-item-type-post_type menu-item-object-page\"><a class=\"brz-a\" target=\"\" href=\"https:\/\/www.sfalvorninha.pt\/index.php\/festival-de-cinema-de-turismo-arttur\/\" title=\"\"><span class=\"brz-span\">Festival de Cinema de Turismo \u2013 Art&amp;Tur<\/span><\/a><\/li>\n<li data-menu-item-id=\"cebf82d6841b6100915a21f121ca1372\" class=\"brz-menu__item menu-item menu-item-type-post_type menu-item-object-page\"><a class=\"brz-a\" target=\"\" href=\"https:\/\/www.sfalvorninha.pt\/index.php\/a-sinfonia-dos-animais-dan-brown\/\" title=\"\"><span class=\"brz-span\">A Sinfonia dos Animais \u2013 Dan Brown<\/span><\/a><\/li>\n<li data-menu-item-id=\"0b7e9a6a13738b78393cc3473f471991\" class=\"brz-menu__item menu-item menu-item-type-post_type menu-item-object-page\"><a class=\"brz-a\" target=\"\" href=\"https:\/\/www.sfalvorninha.pt\/index.php\/preservacao-da-memoria-sfa\/\" title=\"\"><span class=\"brz-span\">Preserva\u00e7\u00e3o da Mem\u00f3ria SFA<\/span><\/a><\/li>\n<li data-menu-item-id=\"067e6b5828824e6d984e9a8b4c7d40aa\" class=\"brz-menu__item menu-item menu-item-type-post_type menu-item-object-page\"><a class=\"brz-a\" target=\"\" href=\"https:\/\/www.sfalvorninha.pt\/index.php\/bruno-prates\/\" title=\"\"><span class=\"brz-span\">Bruno Prates Ilustra os 100 anos da SFA<\/span><\/a><\/li>\n<\/ul>\n<\/li>\n<li data-menu-item-id=\"88c26d758543ff7878ee70c8e63bfeaf\" class=\"brz-menu__item menu-item menu-item-type-custom menu-item-object-custom\"><a class=\"brz-a\" target=\"\" href=\"https:\/\/www.sfalvorninha.pt\/index.php\/contact-us\/\" title=\"\"><span class=\"brz-span\">Contacto<\/span><\/a><\/li>\n<\/ul>\n<\/nav>\n<div class=\"brz-mm-menu__icon\"><\/div>\n<nav data-mods=\"%7B%22desktop%22%3A%22horizontal%22%2C%22tablet%22%3A%22horizontal%22%2C%22mobile%22%3A%22horizontal%22%7D\" id=\"tiJieq1WARd3_d82030cd9596a25e66d3\" class=\"brz-menu brz-menu__preview brz-menu__mmenu brz-menu--has-dropdown brz-css-1qf16ab brz-css-1uyjaph\">\n<ul class=\"brz-menu__ul\" data-menu-items-active=\"\">\n<li data-menu-item-id=\"31ddd5b6c71257b0c8d85249005425ee\" class=\"brz-menu__item menu-item menu-item-type-custom menu-item-object-custom menu-item-home\"><a class=\"brz-a\" target=\"\" href=\"https:\/\/www.sfalvorninha.pt\/\" title=\"\"><span class=\"brz-span\">In\u00edcio<\/span><\/a><\/li>\n<li data-menu-item-id=\"f12a2a38aede4a14594bcf53e4ac15e0\" class=\"brz-menu__item menu-item menu-item-type-custom menu-item-object-custom\"><a class=\"brz-a\" target=\"\" href=\"https:\/\/www.sfalvorninha.pt\/index.php\/about-us\" title=\"\"><span class=\"brz-span\">Sobre<\/span><\/a><\/li>\n<li data-menu-item-id=\"456909a9f6efb34c60555b57c5730e7a\" class=\"brz-menu__item menu-item menu-item-type-custom menu-item-object-custom\"><a class=\"brz-a\" target=\"\" href=\"https:\/\/www.sfalvorninha.pt\/index.php\/history\" title=\"\"><span class=\"brz-span\">Hist\u00f3ria<\/span><\/a><\/li>\n<li data-menu-item-id=\"7e924426fde49b2ef9cba2591f6ce17d\" class=\"brz-menu__item menu-item menu-item-type-post_type menu-item-object-page\"><a class=\"brz-a\" target=\"\" href=\"https:\/\/www.sfalvorninha.pt\/index.php\/school\/\" title=\"\"><span class=\"brz-span\">Escola<\/span><\/a><\/li>\n<li data-menu-item-id=\"3d4c7070d0aed930c13dced88a96495a\" class=\"brz-menu__item menu-item menu-item-type-post_type menu-item-object-page\"><a class=\"brz-a\" target=\"\" href=\"https:\/\/www.sfalvorninha.pt\/index.php\/noticias\/\" title=\"\"><span class=\"brz-span\">Not\u00edcias<\/span><\/a>\n<ul class=\"brz-menu__sub-menu\">\n<li data-menu-item-id=\"914f02f9d1675060f518b33c2586a7e0\" class=\"brz-menu__item menu-item menu-item-type-post_type menu-item-object-page\"><a class=\"brz-a\" target=\"\" href=\"https:\/\/www.sfalvorninha.pt\/index.php\/sfa-azeitonas\/\" title=\"\"><span class=\"brz-span\">SFA &amp; Azeitonas<\/span><\/a><\/li>\n<li data-menu-item-id=\"973179e6ad801710093e13e66369a728\" class=\"brz-menu__item menu-item menu-item-type-post_type menu-item-object-page\"><a class=\"brz-a\" target=\"\" href=\"https:\/\/www.sfalvorninha.pt\/index.php\/festival-de-cinema-de-turismo-arttur\/\" title=\"\"><span class=\"brz-span\">Festival de Cinema de Turismo \u2013 Art&amp;Tur<\/span><\/a><\/li>\n<li data-menu-item-id=\"cebf82d6841b6100915a21f121ca1372\" class=\"brz-menu__item menu-item menu-item-type-post_type menu-item-object-page\"><a class=\"brz-a\" target=\"\" href=\"https:\/\/www.sfalvorninha.pt\/index.php\/a-sinfonia-dos-animais-dan-brown\/\" title=\"\"><span class=\"brz-span\">A Sinfonia dos Animais \u2013 Dan Brown<\/span><\/a><\/li>\n<li data-menu-item-id=\"0b7e9a6a13738b78393cc3473f471991\" class=\"brz-menu__item menu-item menu-item-type-post_type menu-item-object-page\"><a class=\"brz-a\" target=\"\" href=\"https:\/\/www.sfalvorninha.pt\/index.php\/preservacao-da-memoria-sfa\/\" title=\"\"><span class=\"brz-span\">Preserva\u00e7\u00e3o da Mem\u00f3ria SFA<\/span><\/a><\/li>\n<li data-menu-item-id=\"067e6b5828824e6d984e9a8b4c7d40aa\" class=\"brz-menu__item menu-item menu-item-type-post_type menu-item-object-page\"><a class=\"brz-a\" target=\"\" href=\"https:\/\/www.sfalvorninha.pt\/index.php\/bruno-prates\/\" title=\"\"><span class=\"brz-span\">Bruno Prates Ilustra os 100 anos da SFA<\/span><\/a><\/li>\n<\/ul>\n<\/li>\n<li data-menu-item-id=\"88c26d758543ff7878ee70c8e63bfeaf\" class=\"brz-menu__item menu-item menu-item-type-custom menu-item-object-custom\"><a class=\"brz-a\" target=\"\" href=\"https:\/\/www.sfalvorninha.pt\/index.php\/contact-us\/\" title=\"\"><span class=\"brz-span\">Contacto<\/span><\/a><\/li>\n<\/ul>\n<\/nav>\n<\/div>\n<\/div>\n<\/div>\n<\/div>\n<div class=\"brz-columns brz-css-1q54nuy brz-css-wwgatm\" data-brz-custom-id=\"kq7eYciURD2b\">\n<div class=\"brz-column__items brz-css-13g7o1v brz-css-1slsom3\">\n<div id=\"\" class=\"brz-css-176hw7s brz-css-2n2sk1 brz-wrapper\">\n<div class=\"brz-image brz-css-wnwzo7 brz-css-9qk6sz\" data-brz-custom-id=\"e4ZMnDIQTe4A\"><a class=\"brz-a\" href=\"https:\/\/ec.europa.eu\/info\/food-farming-fisheries\/key-policies\/common-agricultural-policy\/rural-development_pt\" target=\"_blank\" rel=\"noopener\" data-brz-link-type=\"external\"><img decoding=\"async\" class=\"brz-img\" src=\"https:\/\/www.sfalvorninha.pt\/wp-content\/uploads\/brizy\/imgs\/logos_apoiadores_b-565x65x0x0x565x65x1635184134.png\" title=\"\" loading=\"lazy\"><\/a><\/div>\n<\/div>\n<\/div>\n<\/div>\n<\/div>\n<\/div>\n<\/div>\n<\/div>\n<\/div>\n<\/section>\n<section id=\"gtgecwvdxvvgcmqgyxtrjydcsgnchgrmqtjh_gtgecwvdxvvgcmqgyxtrjydcsgnchgrmqtjh\" class=\"brz-section brz-css-d-section brz-css-6lme22\">\n<div class=\"brz-section__content brz-section--boxed brz-css-d-sectionitem-bg brz-css-1j10evw\" data-brz-custom-id=\"kwdsslsorvyjawodonitkilpxthbfgvowdeh\">\n<div class=\"brz-bg\">\n<div class=\"brz-bg-color\"><\/div>\n<\/div>\n<div class=\"brz-container brz-css-d-sectionitem-container brz-css-58fcgp\">\n<div id=\"\" class=\"brz-css-d-wrapper brz-css-56zj03 brz-wrapper\">\n<div class=\"brz-rich-text brz-rich-text__custom brz-css-d-richtext brz-css-1ke7ecl\" data-brz-custom-id=\"eghaifsxvxdxsfrzkemuwarbnnuinikwsclj\">\n<div data-brz-translate-text=\"1\">\n<p class=\"brz-text-lg-center brz-tp-heading2 brz-css-tiTxB\"><span class=\"brz-cp-color8\">Contacto<\/span><\/p>\n<\/div>\n<\/div>\n<\/div>\n<\/div>\n<\/div>\n<\/section>\n<section id=\"b87fa578aeaac672c90e_xcrpoyjcoyrpwzikxesiuuqdcmduuktscgpn\" class=\"brz-section brz-css-ati5qr brz-css-18vfld\">\n<div class=\"brz-section__content brz-section--fullWidth brz-css-1b60k83 brz-css-t0rcan\" data-brz-custom-id=\"hxmgtsttmgiispyerolaeelexjeysngvkgec\">\n<div class=\"brz-bg\">\n<div class=\"brz-bg-color\"><\/div>\n<\/div>\n<div class=\"brz-container brz-css-oclfd1 brz-css-1vuomq4\">\n<div id=\"\" class=\"brz-css-w58b45 brz-css-4hqdzm brz-wrapper\">\n<div class=\"brz-map brz-map_styles brz-css-1cunaft brz-css-32dlkh\" data-brz-custom-id=\"cipkevzeqydfnqkvpzxnpmdmssroljqiunbz\">\n<div class=\"brz-ui-ed-map-content\"><\/div>\n<\/div>\n<\/div>\n<\/div>\n<\/div>\n<\/section>\n<section id=\"71a1125fa758fc598364_kzmrngpnokizydgmmhhwwqcctrodvminvksq\" class=\"brz-section brz-css-1omwqz2 brz-css-8nqwtz\">\n<div class=\"brz-section__content brz-section--boxed brz-css-8rrzeu brz-css-1hipm3n\" data-brz-custom-id=\"fhqxjlpibgwhygqvogztfxhkqjctwngeffbe\">\n<div class=\"brz-bg\">\n<div class=\"brz-bg-color\"><\/div>\n<\/div>\n<div class=\"brz-container brz-css-2dv8rv brz-css-la6z4d\">\n<div class=\"brz-row__container brz-css-zwxwt0 brz-css-gr6hb0\" data-brz-custom-id=\"zrzephbdbyjmfbjolsfevcqojbrqhbsdahkr\">\n<div class=\"brz-bg\">\n<div class=\"brz-bg-color\"><\/div>\n<\/div>\n<div class=\"brz-row brz-css-hvwjut brz-css-kj7e92\">\n<div class=\"brz-columns brz-css-1pqk45p brz-css-b70dse\" data-brz-custom-id=\"zauuqchzsbgsbrqbqeridqnoarhhncegcurh\">\n<div class=\"brz-bg\"><\/div>\n<div class=\"brz-column__items brz-css-1x9z4u5 brz-css-15u9kkb\">\n<div id=\"\" class=\"brz-css-1kojg3l brz-css-1lii5wj brz-wrapper\">\n<div class=\"brz-icon-text brz-css-mek698 brz-css-1j36j2s\" data-brz-custom-id=\"wskzstxfkpveillsashbibvegqwcnbblotnf\">\n<div class=\"brz-icon__container\" data-brz-custom-id=\"ezixlkljwteppbvgpnreyhmhdifxfigmfiwd\"><span class=\"brz-icon brz-span brz-css-13erjcj brz-css-16d9s8c\"><\/span><\/div>\n<div class=\"brz-text-btn\">\n<div class=\"brz-rich-text brz-rich-text__custom brz-css-62n1s2 brz-css-1idp9f9\" data-brz-custom-id=\"bavbuqdjitacuyrtcexkzqeawxkwptsxfwgg\">\n<div data-brz-translate-text=\"1\">\n<p class=\"brz-text-lg-center brz-text-xs-center brz-fs-xs-15 brz-tp-paragraph brz-mt-lg-0 brz-mb-lg-0 brz-css-fc8sU\"><a class=\"link--external brz-cp-color8\" href=\"mailto:filarmonica.alvorninha@gmail.com\" data-brz-link-type=\"external\">filarmonica.alvorninha@gmail.com<\/a><\/p>\n<\/div>\n<\/div>\n<\/div>\n<\/div>\n<\/div>\n<\/div>\n<\/div>\n<div class=\"brz-columns brz-css-1pqk45p brz-css-63pfy4\" data-brz-custom-id=\"sqnmotscaxcqhuqdsjzipmssxuetmsfexbqs\">\n<div class=\"brz-bg\"><\/div>\n<div class=\"brz-column__items brz-css-1x9z4u5 brz-css-1hqsl85\">\n<div id=\"\" class=\"brz-css-1kojg3l brz-css-13tu77p brz-wrapper\">\n<div class=\"brz-icon-text brz-css-mek698 brz-css-idarwu\" data-brz-custom-id=\"nmttnipstbcgxurquxaihakjpawwisydcfmx\">\n<div class=\"brz-icon__container\" data-brz-custom-id=\"xfoaowfgsubkpafceadjeywskakxvkgblgcf\"><span class=\"brz-icon brz-span brz-css-13erjcj brz-css-1ylhctx\"><\/span><\/div>\n<div class=\"brz-text-btn\">\n<div class=\"brz-rich-text brz-rich-text__custom brz-css-62n1s2 brz-css-19w8bk8\" data-brz-custom-id=\"kfaitdtnjvseveyzaznlncjzzqkmkawvpeem\">\n<div data-brz-translate-text=\"1\">\n<p class=\"brz-text-xs-justify brz-tp-lg-paragraph brz-mb-lg-0 brz-mt-lg-0 brz-text-lg-center brz-css-fo6bG\" data-generated-css=\"brz-css-yw_Jy\" data-uniq-id=\"wAP4a\"><span class=\"brz-cp-color8\">Largo do Senhor da Miseric\u00f3rdia 5, <\/span><\/p>\n<p class=\"brz-text-xs-justify brz-tp-lg-paragraph brz-mb-lg-0 brz-mt-lg-0 brz-text-lg-center brz-css-qtAQK\" data-generated-css=\"brz-css-yw_Jy\" data-uniq-id=\"wAP4a\"><span class=\"brz-cp-color8\">2500-334 Caldas da Rainha<\/span><\/p>\n<\/div>\n<\/div>\n<\/div>\n<\/div>\n<\/div>\n<\/div>\n<\/div>\n<\/div>\n<\/div>\n<\/div>\n<\/div>\n<\/section>\n<section id=\"6fe9c395060e29092f26_tsxxiucbqtdjhgfemnvqerzlvxygdxirzebz\" class=\"brz-section brz-css-mtsru3 brz-css-i0pnmj\">\n<div class=\"brz-section__content brz-section--boxed brz-css-1mlr2m7 brz-css-l26hr3\" data-brz-custom-id=\"uhntfbgxynmgrwplevprwguhvucqnqrykahy\">\n<div class=\"brz-container brz-css-1bunpw8 brz-css-vmy2up\">\n<div id=\"\" class=\"brz-css-1t4qmu8 brz-css-wc4le8 brz-css-yvipqw brz-wrapper\">\n<div class=\"brz-spacer brz-css-ezbr81 brz-css-1prq1wb\"><\/div>\n<\/div>\n<\/div>\n<\/div>\n<\/section><\/div>\n<p><!-- version:1763419774 --><\/p>\n","protected":false},"excerpt":{"rendered":"<p>filarmonica.alvorninha@gmail.com 916525680 &nbsp;Inscri\u00e7\u00e3o Escola de M\u00fasicaFa\u00e7a-se S\u00f3cio In\u00edcio Sobre Hist\u00f3ria Escola Not\u00edcias SFA &amp; Azeitonas Festival de Cinema de Turismo \u2013 Art&amp;Tur A Sinfonia dos Animais \u2013 Dan Brown Preserva\u00e7\u00e3o da Mem\u00f3ria SFA Bruno Prates Ilustra os 100 anos da SFA Contacto In\u00edcio Sobre Hist\u00f3ria Escola Not\u00edcias SFA &amp; Azeitonas Festival de Cinema de Turismo [&hellip;]<\/p>\n","protected":false},"author":2,"featured_media":0,"parent":0,"menu_order":0,"comment_status":"closed","ping_status":"closed","template":"brizy-blank-template.php","meta":{"_genesis_hide_title":false,"_genesis_hide_breadcrumbs":false,"_genesis_hide_singular_image":false,"_genesis_hide_footer_widgets":false,"_genesis_custom_body_class":"","_genesis_custom_post_class":"","_genesis_layout":"","footnotes":""},"class_list":{"0":"post-61","1":"page","2":"type-page","3":"status-publish","5":"entry"},"brizy_media":[{"id":139,"url":"https:\/\/www.sfalvorninha.pt\/wp-content\/uploads\/2021\/04\/logo_sfa_clara.png","name":"logo_sfa_clara.png","meta":{"brizy_attachment_uid":"wp-a1f572d0e55ecda50a83ce90dffef0ad.png","brizy_post_uid":["e2a064fec39813f1bafb9fec7add8d26","8fba0ba05395b4f80e612ead4a5437af","a1bef0fb89cc3b0fafba539644c860bd","8868b3e63da54968934b91b0d3587642","bd9126dd2d7c650d0eb0a0ae34681ae9"]}},{"id":130,"url":"https:\/\/www.sfalvorninha.pt\/wp-content\/uploads\/2021\/04\/logo_sfa_escura.png","name":"logo_sfa_escura.png","meta":{"brizy_attachment_uid":"wp-6ff526b0fe9664a9ac2440ed7450afd6.png","brizy_post_uid":["e2a064fec39813f1bafb9fec7add8d26","8418c7d0b8751a2382f4a537475e3ee8","8fba0ba05395b4f80e612ead4a5437af","a1bef0fb89cc3b0fafba539644c860bd","8868b3e63da54968934b91b0d3587642"]}}],"_links":{"self":[{"href":"https:\/\/www.sfalvorninha.pt\/index.php\/wp-json\/wp\/v2\/pages\/61","targetHints":{"allow":["GET"]}}],"collection":[{"href":"https:\/\/www.sfalvorninha.pt\/index.php\/wp-json\/wp\/v2\/pages"}],"about":[{"href":"https:\/\/www.sfalvorninha.pt\/index.php\/wp-json\/wp\/v2\/types\/page"}],"author":[{"embeddable":true,"href":"https:\/\/www.sfalvorninha.pt\/index.php\/wp-json\/wp\/v2\/users\/2"}],"replies":[{"embeddable":true,"href":"https:\/\/www.sfalvorninha.pt\/index.php\/wp-json\/wp\/v2\/comments?post=61"}],"version-history":[{"count":13,"href":"https:\/\/www.sfalvorninha.pt\/index.php\/wp-json\/wp\/v2\/pages\/61\/revisions"}],"predecessor-version":[{"id":4981,"href":"https:\/\/www.sfalvorninha.pt\/index.php\/wp-json\/wp\/v2\/pages\/61\/revisions\/4981"}],"wp:attachment":[{"href":"https:\/\/www.sfalvorninha.pt\/index.php\/wp-json\/wp\/v2\/media?parent=61"}],"curies":[{"name":"wp","href":"https:\/\/api.w.org\/{rel}","templated":true}]}}