{"id":2210,"date":"2021-04-27T13:02:30","date_gmt":"2021-04-27T13:02:30","guid":{"rendered":"http:\/\/www.sfalvorninha.pt\/?page_id=2210"},"modified":"2026-04-07T12:12:02","modified_gmt":"2026-04-07T12:12:02","slug":"bruno-prates","status":"publish","type":"page","link":"https:\/\/www.sfalvorninha.pt\/index.php\/bruno-prates\/","title":{"rendered":"Bruno Prates Ilustra os 100 anos da SFA"},"content":{"rendered":"<div class=\"brz brz-root__container brz-reset-all brz-root__container-page\">\n<section id=\"c9b8f19097d5b76c10ee_ybxTAT_crwzz\" style=\"height:auto\" class=\"brz-section brz-section__header brz-css-7yak brz-css-g20kri\">\n<div class=\"brz-section__header--fixed\">\n<div class=\"brz-section__menu-item brz-css-amdjll brz-css-1ez7zyr\" data-brz-custom-id=\"vgA_bn38YEHQ\">\n<div class=\"brz-bg\">\n<div class=\"brz-bg-color\"><\/div>\n<\/div>\n<div class=\"brz-container brz-css-1xbr4kc brz-css-1nlzj4e\">\n<div class=\"brz-row__container brz-css-acaufy brz-css-o12b1t\" data-brz-custom-id=\"uNXNqMPTuj5v\">\n<div class=\"brz-bg\"><\/div>\n<div class=\"brz-row brz-css-27qjgx brz-css-h2upcp\">\n<div class=\"brz-columns brz-css-1p3gm0z brz-css-19iq64j\" data-brz-custom-id=\"n_v64wtX46ua\">\n<div class=\"brz-column__items brz-css-k14dhr brz-css-1bg1o94\">\n<div class=\"brz-wrapper-clone brz-flex-xs-wrap brz-css-9ggvw7 brz-css-1gd1wou\" data-brz-custom-id=\"cx9Ohrb4dgpj\"><a class=\"brz-a brz-btn brz-css-17kio10 brz-css-1yxmh1v brz-css-1hb45rt brz-css-hz24kk\" href=\"https:\/\/www.sfalvorninha.pt\/index.php\/contact-us\/\" target=\"_self\" rel=\"noopener\" data-brz-link-type=\"external\" data-brz-custom-id=\"nD7YKiMvFGNk\"><span data-brz-translate-text=\"1\" class=\"brz-span brz-text__editor\">filarmonica.alvorninha@gmail.com <\/span><\/a><a class=\"brz-a brz-btn brz-css-17kio10 brz-css-q18erf brz-css-1hb45rt brz-css-e1f9d4\" href=\"https:\/\/www.sfalvorninha.pt\/index.php\/contact-us\/\" target=\"_self\" rel=\"noopener\" data-brz-link-type=\"external\" data-brz-custom-id=\"sWMvSRjWLAu_\"><span data-brz-translate-text=\"1\" class=\"brz-span brz-text__editor\">916525680<\/span><\/a><\/div>\n<\/div>\n<\/div>\n<div class=\"brz-columns brz-css-1p3gm0z brz-css-1u33pye\" data-brz-custom-id=\"oBfgLl5pnniY\">\n<div class=\"brz-column__items brz-css-k14dhr brz-css-kh2nc5\">\n<div id=\"\" class=\"brz-css-1r1gh7q brz-css-zlf98k brz-wrapper\">\n<div class=\"brz-image brz-css-14hpy6y brz-css-11l9t4x\" data-brz-custom-id=\"sleozvjG7uZh\"><a class=\"brz-a\" href=\"https:\/\/www.sfalvorninha.pt\/\" target=\"_self\" rel=\"noopener\" data-brz-link-type=\"external\"><img decoding=\"async\" class=\"brz-img\" src=\"https:\/\/www.sfalvorninha.pt\/wp-content\/uploads\/brizy\/imgs\/logo_sfa_escura-220x51x0x0x220x51x1617897115.png\" alt=\"\" title=\"logo_sfa_escura\" loading=\"lazy\"><\/a><\/div>\n<\/div>\n<\/div>\n<\/div>\n<div class=\"brz-columns brz-css-1p3gm0z brz-css-10bw4j\" data-brz-custom-id=\"nccxVVYfohXa\">\n<div class=\"brz-column__items brz-css-k14dhr brz-css-fqz82m\">\n<div class=\"brz-wrapper-clone brz-flex-xs-wrap brz-css-9ggvw7 brz-css-5hwzft\" data-brz-custom-id=\"pIIY9L7CrwrZ\">\n<div class=\"brz-icon__container\" data-brz-custom-id=\"vgsIJaFpTUjy\"><a class=\"brz-a\" href=\"https:\/\/pt-pt.facebook.com\/sociedadefilarmonicalvorninha\/\" target=\"_blank\" rel=\"noopener\" data-brz-link-type=\"external\"><span class=\"brz-icon brz-span brz-css-1v5jxb brz-css-1r2gpm3\"><\/span><\/a><\/div>\n<div class=\"brz-icon__container\" data-brz-custom-id=\"ykvXtG46TThx\"><a class=\"brz-a\" href=\"https:\/\/instagram.com\/s_f_alvorninha?utm_medium=copy_link\" target=\"_blank\" rel=\"noopener\" data-brz-link-type=\"external\"><span class=\"brz-icon brz-span brz-css-1v5jxb brz-css-zmiiqn\"><\/span><\/a><\/div>\n<\/div>\n<\/div>\n<\/div>\n<div class=\"brz-columns brz-css-1p3gm0z brz-css-1msg4ym\" data-brz-custom-id=\"z1T45pDvxb7_\">\n<div class=\"brz-column__items brz-css-k14dhr brz-css-1r4sl2b\">\n<div class=\"brz-wrapper-clone brz-flex-xs-wrap brz-css-9ggvw7 brz-css-1yqwa8i\" data-brz-custom-id=\"ehMhxnDvyYqe\"><a class=\"brz-a brz-btn brz-css-17kio10 brz-css-ubq38l brz-css-1hb45rt brz-css-1fjzy93\" href=\"https:\/\/docs.google.com\/forms\/d\/e\/1FAIpQLSfQAxtbujmOV-_8IoDpV_aV5GS3ja97Xq2De7hQejl1lNbFKQ\/viewform\" target=\"_blank\" rel=\"noopener\" data-brz-link-type=\"external\" data-brz-custom-id=\"zkNklPEdhiHa\"><span data-brz-translate-text=\"1\" class=\"brz-span brz-text__editor\">&nbsp;Inscri\u00e7\u00e3o Escola de M\u00fasica<\/span><\/a><a class=\"brz-a brz-btn brz-css-17kio10 brz-css-lw30yu brz-css-1hb45rt brz-css-1de6hvx\" href=\"https:\/\/docs.google.com\/forms\/d\/e\/1FAIpQLSdnUg1aufMSNw6exKt9zr3ANzhjb7Go-uoV4kDhDwqVYjVoIQ\/viewform\" target=\"_blank\" rel=\"noopener\" data-brz-link-type=\"external\" data-brz-custom-id=\"eyftfVfvBxB3\"><span data-brz-translate-text=\"1\" class=\"brz-span brz-text__editor\">Fa\u00e7a-se S\u00f3cio<\/span><\/a><\/div>\n<\/div>\n<\/div>\n<\/div>\n<\/div>\n<div class=\"brz-row__container brz-css-acaufy brz-css-15iqohh\" data-brz-custom-id=\"iAQ1NZsGOj30\">\n<div class=\"brz-row brz-css-27qjgx brz-css-1ukf35w\">\n<div class=\"brz-columns brz-css-1p3gm0z brz-css-1qhurmy\" data-brz-custom-id=\"vv0WV962hJra\">\n<div class=\"brz-column__items brz-css-k14dhr brz-css-beux61\">\n<div id=\"\" class=\"brz-css-1r1gh7q brz-css-5hs0v8 brz-wrapper\">\n<div class=\"brz-menu__container brz-css-5bx20n brz-css-1bu9tbh\" data-mmenu-id=\"#pT6Cbz2e8ALB_5675b5ce00a098c47246\" data-mmenu-position=\"position-right\" data-mmenu-title=\"Main Menu\" data-mmenu-stickytitle=\"on\" data-mmenu-closingicon=\"%7B%22desktop%22%3A%22off%22%2C%22tablet%22%3A%22off%22%2C%22mobile%22%3A%22off%22%7D\" data-brz-custom-id=\"pT6Cbz2e8ALB\">\n<nav data-mods=\"%7B%22desktop%22%3A%22horizontal%22%2C%22tablet%22%3A%22horizontal%22%2C%22mobile%22%3A%22horizontal%22%7D\" class=\"brz-menu brz-menu__preview brz-css-18194u2 brz-css-1oso30c\">\n<ul class=\"brz-menu__ul\" data-menu-items-active=\"\">\n<li data-menu-item-id=\"31ddd5b6c71257b0c8d85249005425ee\" class=\"brz-menu__item menu-item menu-item-type-custom menu-item-object-custom menu-item-home\"><a class=\"brz-a\" target=\"\" href=\"https:\/\/www.sfalvorninha.pt\/\" title=\"\"><span class=\"brz-span\">In\u00edcio<\/span><\/a><\/li>\n<li data-menu-item-id=\"f12a2a38aede4a14594bcf53e4ac15e0\" class=\"brz-menu__item menu-item menu-item-type-custom menu-item-object-custom\"><a class=\"brz-a\" target=\"\" href=\"https:\/\/www.sfalvorninha.pt\/index.php\/about-us\" title=\"\"><span class=\"brz-span\">Sobre<\/span><\/a><\/li>\n<li data-menu-item-id=\"456909a9f6efb34c60555b57c5730e7a\" class=\"brz-menu__item menu-item menu-item-type-custom menu-item-object-custom\"><a class=\"brz-a\" target=\"\" href=\"https:\/\/www.sfalvorninha.pt\/index.php\/history\" title=\"\"><span class=\"brz-span\">Hist\u00f3ria<\/span><\/a><\/li>\n<li data-menu-item-id=\"7e924426fde49b2ef9cba2591f6ce17d\" class=\"brz-menu__item menu-item menu-item-type-post_type menu-item-object-page\"><a class=\"brz-a\" target=\"\" href=\"https:\/\/www.sfalvorninha.pt\/index.php\/school\/\" title=\"\"><span class=\"brz-span\">Escola<\/span><\/a><\/li>\n<li data-menu-item-id=\"3d4c7070d0aed930c13dced88a96495a\" class=\"brz-menu__item menu-item menu-item-type-post_type menu-item-object-page\"><a class=\"brz-a\" target=\"\" href=\"https:\/\/www.sfalvorninha.pt\/index.php\/noticias\/\" title=\"\"><span class=\"brz-span\">Not\u00edcias<\/span><\/a>\n<ul class=\"brz-menu__sub-menu\">\n<li data-menu-item-id=\"914f02f9d1675060f518b33c2586a7e0\" class=\"brz-menu__item menu-item menu-item-type-post_type menu-item-object-page\"><a class=\"brz-a\" target=\"\" href=\"https:\/\/www.sfalvorninha.pt\/index.php\/sfa-azeitonas\/\" title=\"\"><span class=\"brz-span\">SFA &amp; Azeitonas<\/span><\/a><\/li>\n<li data-menu-item-id=\"973179e6ad801710093e13e66369a728\" class=\"brz-menu__item menu-item menu-item-type-post_type menu-item-object-page\"><a class=\"brz-a\" target=\"\" href=\"https:\/\/www.sfalvorninha.pt\/index.php\/festival-de-cinema-de-turismo-arttur\/\" title=\"\"><span class=\"brz-span\">Festival de Cinema de Turismo \u2013 Art&amp;Tur<\/span><\/a><\/li>\n<li data-menu-item-id=\"cebf82d6841b6100915a21f121ca1372\" class=\"brz-menu__item menu-item menu-item-type-post_type menu-item-object-page\"><a class=\"brz-a\" target=\"\" href=\"https:\/\/www.sfalvorninha.pt\/index.php\/a-sinfonia-dos-animais-dan-brown\/\" title=\"\"><span class=\"brz-span\">A Sinfonia dos Animais \u2013 Dan Brown<\/span><\/a><\/li>\n<li data-menu-item-id=\"0b7e9a6a13738b78393cc3473f471991\" class=\"brz-menu__item menu-item menu-item-type-post_type menu-item-object-page\"><a class=\"brz-a\" target=\"\" href=\"https:\/\/www.sfalvorninha.pt\/index.php\/preservacao-da-memoria-sfa\/\" title=\"\"><span class=\"brz-span\">Preserva\u00e7\u00e3o da Mem\u00f3ria SFA<\/span><\/a><\/li>\n<li data-menu-item-id=\"067e6b5828824e6d984e9a8b4c7d40aa\" class=\"brz-menu__item menu-item menu-item-type-post_type menu-item-object-page\"><a class=\"brz-a\" target=\"\" href=\"https:\/\/www.sfalvorninha.pt\/index.php\/bruno-prates\/\" title=\"\"><span class=\"brz-span\">Bruno Prates Ilustra os 100 anos da SFA<\/span><\/a><\/li>\n<\/ul>\n<\/li>\n<li data-menu-item-id=\"88c26d758543ff7878ee70c8e63bfeaf\" class=\"brz-menu__item menu-item menu-item-type-custom menu-item-object-custom\"><a class=\"brz-a\" target=\"\" href=\"https:\/\/www.sfalvorninha.pt\/index.php\/contact-us\/\" title=\"\"><span class=\"brz-span\">Contacto<\/span><\/a><\/li>\n<\/ul>\n<\/nav>\n<div class=\"brz-mm-menu__icon\"><\/div>\n<nav data-mods=\"%7B%22desktop%22%3A%22horizontal%22%2C%22tablet%22%3A%22horizontal%22%2C%22mobile%22%3A%22horizontal%22%7D\" id=\"pT6Cbz2e8ALB_5675b5ce00a098c47246\" class=\"brz-menu brz-menu__preview brz-menu__mmenu brz-menu--has-dropdown brz-css-6n3hz3 brz-css-1i93m9r\">\n<ul class=\"brz-menu__ul\" data-menu-items-active=\"\">\n<li data-menu-item-id=\"31ddd5b6c71257b0c8d85249005425ee\" class=\"brz-menu__item menu-item menu-item-type-custom menu-item-object-custom menu-item-home\"><a class=\"brz-a\" target=\"\" href=\"https:\/\/www.sfalvorninha.pt\/\" title=\"\"><span class=\"brz-span\">In\u00edcio<\/span><\/a><\/li>\n<li data-menu-item-id=\"f12a2a38aede4a14594bcf53e4ac15e0\" class=\"brz-menu__item menu-item menu-item-type-custom menu-item-object-custom\"><a class=\"brz-a\" target=\"\" href=\"https:\/\/www.sfalvorninha.pt\/index.php\/about-us\" title=\"\"><span class=\"brz-span\">Sobre<\/span><\/a><\/li>\n<li data-menu-item-id=\"456909a9f6efb34c60555b57c5730e7a\" class=\"brz-menu__item menu-item menu-item-type-custom menu-item-object-custom\"><a class=\"brz-a\" target=\"\" href=\"https:\/\/www.sfalvorninha.pt\/index.php\/history\" title=\"\"><span class=\"brz-span\">Hist\u00f3ria<\/span><\/a><\/li>\n<li data-menu-item-id=\"7e924426fde49b2ef9cba2591f6ce17d\" class=\"brz-menu__item menu-item menu-item-type-post_type menu-item-object-page\"><a class=\"brz-a\" target=\"\" href=\"https:\/\/www.sfalvorninha.pt\/index.php\/school\/\" title=\"\"><span class=\"brz-span\">Escola<\/span><\/a><\/li>\n<li data-menu-item-id=\"3d4c7070d0aed930c13dced88a96495a\" class=\"brz-menu__item menu-item menu-item-type-post_type menu-item-object-page\"><a class=\"brz-a\" target=\"\" href=\"https:\/\/www.sfalvorninha.pt\/index.php\/noticias\/\" title=\"\"><span class=\"brz-span\">Not\u00edcias<\/span><\/a>\n<ul class=\"brz-menu__sub-menu\">\n<li data-menu-item-id=\"914f02f9d1675060f518b33c2586a7e0\" class=\"brz-menu__item menu-item menu-item-type-post_type menu-item-object-page\"><a class=\"brz-a\" target=\"\" href=\"https:\/\/www.sfalvorninha.pt\/index.php\/sfa-azeitonas\/\" title=\"\"><span class=\"brz-span\">SFA &amp; Azeitonas<\/span><\/a><\/li>\n<li data-menu-item-id=\"973179e6ad801710093e13e66369a728\" class=\"brz-menu__item menu-item menu-item-type-post_type menu-item-object-page\"><a class=\"brz-a\" target=\"\" href=\"https:\/\/www.sfalvorninha.pt\/index.php\/festival-de-cinema-de-turismo-arttur\/\" title=\"\"><span class=\"brz-span\">Festival de Cinema de Turismo \u2013 Art&amp;Tur<\/span><\/a><\/li>\n<li data-menu-item-id=\"cebf82d6841b6100915a21f121ca1372\" class=\"brz-menu__item menu-item menu-item-type-post_type menu-item-object-page\"><a class=\"brz-a\" target=\"\" href=\"https:\/\/www.sfalvorninha.pt\/index.php\/a-sinfonia-dos-animais-dan-brown\/\" title=\"\"><span class=\"brz-span\">A Sinfonia dos Animais \u2013 Dan Brown<\/span><\/a><\/li>\n<li data-menu-item-id=\"0b7e9a6a13738b78393cc3473f471991\" class=\"brz-menu__item menu-item menu-item-type-post_type menu-item-object-page\"><a class=\"brz-a\" target=\"\" href=\"https:\/\/www.sfalvorninha.pt\/index.php\/preservacao-da-memoria-sfa\/\" title=\"\"><span class=\"brz-span\">Preserva\u00e7\u00e3o da Mem\u00f3ria SFA<\/span><\/a><\/li>\n<li data-menu-item-id=\"067e6b5828824e6d984e9a8b4c7d40aa\" class=\"brz-menu__item menu-item menu-item-type-post_type menu-item-object-page\"><a class=\"brz-a\" target=\"\" href=\"https:\/\/www.sfalvorninha.pt\/index.php\/bruno-prates\/\" title=\"\"><span class=\"brz-span\">Bruno Prates Ilustra os 100 anos da SFA<\/span><\/a><\/li>\n<\/ul>\n<\/li>\n<li data-menu-item-id=\"88c26d758543ff7878ee70c8e63bfeaf\" class=\"brz-menu__item menu-item menu-item-type-custom menu-item-object-custom\"><a class=\"brz-a\" target=\"\" href=\"https:\/\/www.sfalvorninha.pt\/index.php\/contact-us\/\" title=\"\"><span class=\"brz-span\">Contacto<\/span><\/a><\/li>\n<\/ul>\n<\/nav>\n<\/div>\n<\/div>\n<\/div>\n<\/div>\n<div class=\"brz-columns brz-css-1p3gm0z brz-css-qhyige\" data-brz-custom-id=\"wpp2MhKfwP6k\">\n<div class=\"brz-column__items brz-css-k14dhr brz-css-fr19pw\">\n<div id=\"\" class=\"brz-css-1r1gh7q brz-css-22951p brz-wrapper\">\n<div class=\"brz-image brz-css-6p3htn brz-css-wf6amy\" data-brz-custom-id=\"rF2TkeKT0GjV\"><a class=\"brz-a\" href=\"https:\/\/ec.europa.eu\/info\/food-farming-fisheries\/key-policies\/common-agricultural-policy\/rural-development_pt\" target=\"_blank\" rel=\"noopener\" data-brz-link-type=\"external\"><img decoding=\"async\" class=\"brz-img\" src=\"https:\/\/www.sfalvorninha.pt\/wp-content\/uploads\/brizy\/imgs\/logos_apoiadores_b-565x65x0x0x565x65x1635184134.png\" alt=\"\" title=\"logos_apoiadores_b\" loading=\"lazy\"><\/a><\/div>\n<\/div>\n<\/div>\n<\/div>\n<\/div>\n<\/div>\n<\/div>\n<\/div>\n<\/div>\n<\/section>\n<section id=\"a6c71de74218abf9a099_egaizwhuxwcftsqwvwvdkrurrlilfokxbxaa\" class=\"brz-section brz-css-1c2yoco brz-css-1agtzxj\">\n<div class=\"brz-section__content brz-section--boxed brz-css-1lybcxp brz-css-1a9jn9j\" data-brz-custom-id=\"haigrfhtyticonjqbmzicacgucvhchdowycv\">\n<div class=\"brz-container brz-css-3tw95t brz-css-j97cry\">\n<div id=\"\" class=\"brz-css-1vis73h brz-css-sc4e87 brz-wrapper\">\n<div class=\"brz-rich-text brz-rich-text__custom brz-css-14tux07 brz-css-mrh6lp\" data-brz-custom-id=\"qqHbcP4X8lqj\">\n<div data-brz-translate-text=\"1\">\n<h2 data-uniq-id=\"hyefR\" data-generated-css=\"brz-css-bxx31\" class=\"brz-tp-lg-heading2 brz-text-lg-center brz-css-lPV38\"><span class=\"brz-cp-color2\">Bruno Prates Ilustra os 100 anos da SFA<\/span><\/h2>\n<\/div>\n<\/div>\n<\/div>\n<div class=\"brz-row__container brz-css-1q65wyq brz-css-1wsflzo\" data-brz-custom-id=\"jrugonpyalmyjxwsnscjmzfaxpmmvkooirno\">\n<div class=\"brz-row brz-css-1543evy brz-css-dzbdmc brz-css-1d45obr\">\n<div class=\"brz-columns brz-css-1ts6jyi brz-css-1j53t5p\" data-brz-custom-id=\"dhucmufeynzqtqxcomaivcjafppcfvwpwaad\">\n<div class=\"brz-column__items brz-css-1c56yf4 brz-css-p0xzh3\">\n<div id=\"\" class=\"brz-css-1vis73h brz-css-r4jpda brz-wrapper\">\n<div class=\"brz-image brz-css-u40xyg brz-css-1wsmsbg\" data-brz-custom-id=\"boocwwwoirphsucynlxkvqvcixmchvpxqyab\"><img decoding=\"async\" class=\"brz-img\" src=\"https:\/\/www.sfalvorninha.pt\/wp-content\/uploads\/brizy\/imgs\/IMG_4457-1006x842x0x47x1006x747x1619539858.png\" alt=\"\" title=\"IMG_4457\" loading=\"lazy\"><\/div>\n<\/div>\n<\/div>\n<\/div>\n<\/div>\n<\/div>\n<div class=\"brz-row__container brz-css-1q65wyq brz-css-4xzl5\" data-brz-custom-id=\"gkmldcvxaptajqxcwpptpiebcntvqglglpnp\">\n<div class=\"brz-row brz-css-1543evy brz-css-dzbdmc brz-css-iu3yqi\">\n<div class=\"brz-columns brz-css-1ts6jyi brz-css-qm6lqr\" data-brz-custom-id=\"rvppvxhwpmjkdunswtvsrkfrerhrrftwxtwr\">\n<div class=\"brz-column__items brz-css-1c56yf4 brz-css-1coc4br\">\n<div id=\"\" class=\"brz-css-1vis73h brz-css-12a083 brz-wrapper\">\n<div class=\"brz-rich-text brz-rich-text__custom brz-css-14tux07 brz-css-cyvdko\" data-brz-custom-id=\"rxragsalwmvplkhgpzevjkwldjsdhzponwbc\">\n<div data-brz-translate-text=\"1\">\n<p class=\"brz-ls-xs-0 brz-lh-xs-1_1 brz-fs-xs-12 brz-fs-sm-15 brz-fs-lg-18 brz-fs-sm-im-17 brz-fs-xs-im-17 brz-ls-lg-0 brz-ls-sm-im-0 brz-ls-xs-im-0 brz-ff-libre_baskerville brz-ft-google brz-fw-lg-300 brz-fw-sm-im-300 brz-fw-xs-im-300 brz-lh-lg-1_1 brz-lh-sm-im-1_1 brz-css-ksHJX\"><span class=\"brz-cp-color7\">Autor: Bruno Prates<\/span><\/p>\n<p class=\"brz-ls-xs-0 brz-lh-xs-1_1 brz-fs-xs-12 brz-fs-sm-15 brz-fs-lg-18 brz-fs-sm-im-17 brz-fs-xs-im-17 brz-ls-lg-0 brz-ls-sm-im-0 brz-ls-xs-im-0 brz-ff-libre_baskerville brz-ft-google brz-fw-lg-300 brz-fw-sm-im-300 brz-fw-xs-im-300 brz-lh-lg-1_1 brz-lh-sm-im-1_1 brz-css-gbzun\"><span class=\"brz-cp-color7\"> <\/span><\/p>\n<p class=\"brz-ls-xs-0 brz-lh-xs-1_1 brz-fs-xs-12 brz-fs-sm-15 brz-fs-lg-18 brz-fs-sm-im-17 brz-fs-xs-im-17 brz-ls-lg-0 brz-ls-sm-im-0 brz-ls-xs-im-0 brz-ff-libre_baskerville brz-ft-google brz-fw-lg-300 brz-fw-sm-im-300 brz-fw-xs-im-300 brz-lh-lg-1_1 brz-lh-sm-im-1_1 brz-css-x0G3z\"><span class=\"brz-cp-color7\">Titulo: 100 ANOS \/ Banda Filarmonica Alvorninha<\/span><\/p>\n<p class=\"brz-ls-xs-0 brz-lh-xs-1_1 brz-fs-xs-12 brz-fs-sm-15 brz-fs-lg-18 brz-fs-sm-im-17 brz-fs-xs-im-17 brz-ls-lg-0 brz-ls-sm-im-0 brz-ls-xs-im-0 brz-ff-libre_baskerville brz-ft-google brz-fw-lg-300 brz-fw-sm-im-300 brz-fw-xs-im-300 brz-lh-lg-1_1 brz-lh-sm-im-1_1 brz-css-m1vzf\"><span class=\"brz-cp-color7\"> <\/span><\/p>\n<p class=\"brz-ls-xs-0 brz-lh-xs-1_1 brz-fs-xs-12 brz-fs-sm-15 brz-fs-lg-18 brz-fs-sm-im-17 brz-fs-xs-im-17 brz-ls-lg-0 brz-ls-sm-im-0 brz-ls-xs-im-0 brz-ff-libre_baskerville brz-ft-google brz-fw-lg-300 brz-fw-sm-im-300 brz-fw-xs-im-300 brz-lh-lg-1_1 brz-lh-sm-im-1_1 brz-css-xGvWf\"><span class=\"brz-cp-color7\">Data: Janeiro\/Abril 2021<\/span><\/p>\n<p class=\"brz-ls-xs-0 brz-lh-xs-1_1 brz-fs-xs-12 brz-fs-sm-15 brz-fs-lg-18 brz-fs-sm-im-17 brz-fs-xs-im-17 brz-ls-lg-0 brz-ls-sm-im-0 brz-ls-xs-im-0 brz-ff-libre_baskerville brz-ft-google brz-fw-lg-300 brz-fw-sm-im-300 brz-fw-xs-im-300 brz-lh-lg-1_1 brz-lh-sm-im-1_1 brz-css-q2q8i\"><span class=\"brz-cp-color7\"> <\/span><\/p>\n<p class=\"brz-ls-xs-0 brz-lh-xs-1_1 brz-fs-xs-12 brz-fs-sm-15 brz-fs-lg-18 brz-fs-sm-im-17 brz-fs-xs-im-17 brz-ls-lg-0 brz-ls-sm-im-0 brz-ls-xs-im-0 brz-ff-libre_baskerville brz-ft-google brz-fw-lg-300 brz-fw-sm-im-300 brz-fw-xs-im-300 brz-lh-lg-1_1 brz-lh-sm-im-1_1 brz-css-g_XJR\"><span class=\"brz-cp-color7\">Dimens\u00f5es painel: 2,50m x 1,80m<\/span><\/p>\n<p class=\"brz-ls-xs-0 brz-lh-xs-1_1 brz-fs-xs-12 brz-fs-sm-15 brz-fs-lg-18 brz-fs-sm-im-17 brz-fs-xs-im-17 brz-ls-lg-0 brz-ls-sm-im-0 brz-ls-xs-im-0 brz-ff-libre_baskerville brz-ft-google brz-fw-lg-300 brz-fw-sm-im-300 brz-fw-xs-im-300 brz-lh-lg-1_1 brz-lh-sm-im-1_1 brz-css-jo9M9\"><span class=\"brz-cp-color7\"> <\/span><\/p>\n<p class=\"brz-ls-xs-0 brz-lh-xs-1_1 brz-fs-xs-12 brz-fs-sm-15 brz-fs-lg-18 brz-fs-sm-im-17 brz-fs-xs-im-17 brz-ls-lg-0 brz-ls-sm-im-0 brz-ls-xs-im-0 brz-ff-libre_baskerville brz-ft-google brz-fw-lg-300 brz-fw-sm-im-300 brz-fw-xs-im-300 brz-lh-lg-1_1 brz-lh-sm-im-1_1 brz-css-gDBfS\"><span class=\"brz-cp-color7\">Suporte painel: Madeira de abeto (tricapa)<\/span><\/p>\n<p class=\"brz-ls-xs-0 brz-lh-xs-1_1 brz-fs-xs-12 brz-fs-sm-15 brz-fs-lg-18 brz-fs-sm-im-17 brz-fs-xs-im-17 brz-ls-lg-0 brz-ls-sm-im-0 brz-ls-xs-im-0 brz-ff-libre_baskerville brz-ft-google brz-fw-lg-300 brz-fw-sm-im-300 brz-fw-xs-im-300 brz-lh-lg-1_1 brz-lh-sm-im-1_1 brz-css-mQkcW\"><span class=\"brz-cp-color7\"> <\/span><\/p>\n<p class=\"brz-ls-xs-0 brz-lh-xs-1_1 brz-fs-xs-12 brz-fs-sm-15 brz-fs-lg-18 brz-fs-sm-im-17 brz-fs-xs-im-17 brz-ls-lg-0 brz-ls-sm-im-0 brz-ls-xs-im-0 brz-ff-libre_baskerville brz-ft-google brz-fw-lg-300 brz-fw-sm-im-300 brz-fw-xs-im-300 brz-lh-lg-1_1 brz-lh-sm-im-1_1 brz-css-aZGpv\"><span class=\"brz-cp-color7\">T\u00e9cnica Utilizada: Ilustra\u00e7\u00e3o &#8211; Desenho digital \/ Procreate<\/span><\/p>\n<p class=\"brz-ls-xs-0 brz-lh-xs-1_1 brz-fs-xs-12 brz-fs-sm-15 brz-fs-lg-18 brz-fs-sm-im-17 brz-fs-xs-im-17 brz-ls-lg-0 brz-ls-sm-im-0 brz-ls-xs-im-0 brz-ff-libre_baskerville brz-ft-google brz-fw-lg-300 brz-fw-sm-im-300 brz-fw-xs-im-300 brz-lh-lg-1_1 brz-lh-sm-im-1_1 brz-css-jJlJx\"><span class=\"brz-cp-color7\"> <\/span><\/p>\n<p class=\"brz-ls-xs-0 brz-lh-xs-1_1 brz-fs-xs-12 brz-fs-sm-15 brz-fs-lg-18 brz-fs-sm-im-17 brz-fs-xs-im-17 brz-ls-lg-0 brz-ls-sm-im-0 brz-ls-xs-im-0 brz-ff-libre_baskerville brz-ft-google brz-fw-lg-300 brz-fw-sm-im-300 brz-fw-xs-im-300 brz-lh-lg-1_1 brz-lh-sm-im-1_1 brz-css-wD8YU\"><span class=\"brz-cp-color7\">Painel &#8211; Tinta pl\u00e1stica sobre madeira e arame zincado<\/span><\/p>\n<p class=\"brz-ls-xs-0 brz-lh-xs-1_1 brz-fs-xs-12 brz-fs-sm-15 brz-lh-lg-1_1 brz-lh-sm-im-1_1 brz-fs-lg-18 brz-fs-sm-im-17 brz-fs-xs-im-17 brz-ls-lg-0 brz-ls-sm-im-0 brz-ls-xs-im-0 brz-ff-libre_baskerville brz-ft-google brz-fw-lg-300 brz-fw-sm-im-300 brz-fw-xs-im-300 brz-css-yUcKD\"><span class=\"brz-cp-color7\"> <\/span><\/p>\n<\/div>\n<\/div>\n<\/div>\n<div id=\"\" class=\"brz-css-1vis73h brz-css-ty8tvi brz-wrapper\">\n<div class=\"brz-rich-text brz-rich-text__custom brz-css-14tux07 brz-css-12hxg4b\" data-brz-custom-id=\"lvdpxtzblyzuhdkifdgtemwfkkofucxplihk\">\n<div data-brz-translate-text=\"1\">\n<p class=\"brz-tp-paragraph brz-css-xX8OJ\"><span class=\"brz-cp-color7\">Mem\u00f3ria descritiva &#8211; \u201cAs pessoas\u201d &#8211; uma banda feita por pessoas. Modernidade. Alegria.&nbsp;Foram estes os pontos de partida para esta ilustra\u00e7\u00e3o.<\/span><\/p>\n<p class=\"brz-tp-paragraph brz-css-d8j0p\"><span class=\"brz-cp-color7\"> \u00c0 partir de um estudo dos mais recentes registos fotogr\u00e1ficos dos v\u00e1rios eventos da banda foi criada uma composi\u00e7\u00e3o\/montagem com destaque para os elementos que o autor considerou que&nbsp;reflectiam a alma desta Banda Filarm\u00f3nica.<\/span><\/p>\n<p class=\"brz-tp-paragraph brz-css-gKi4S\"><span class=\"brz-cp-color7\">Grafismo &#8211; Feita a montagem&nbsp;seguiu-se&nbsp;uma composi\u00e7\u00e3o gr\u00e1fica estilizada com o intuito de lhe conferir um grafismo moderno e colorido com base na diversidade e&nbsp;identidade dos elementos que comp\u00f5em a banda.&nbsp;Tudo isto em harmonia com o edificado hist\u00f3rico da aldeia de Alvorninha &#8211; Capela da Miseric\u00f3rdia (s\u00e9c. XVII). Fachada da sede da SFA e pelourinho (s\u00edmbolo de ponto de encontro\/reuni\u00e3o).<\/span><\/p>\n<p class=\"brz-tp-paragraph brz-css-avftH\"><span class=\"brz-cp-color7\">Cor &#8211; A cor predominante \u00e9 o azul. A mesma cor do fardamento da Banda. Podemos ainda observar num dos topos a cor azul que simboliza a \u00e1gua, no topo oposto a cor amarelo que simboliza a luz e ao centro os castanhos que simbolizam a terra, o centro da vida que no fundo \u00e9 a g\u00e9nese desta Banda Filarm\u00f3nica.<\/span><\/p>\n<p class=\"brz-tp-paragraph brz-css-uqquY\"><span class=\"brz-cp-color7\">De real\u00e7ar ao centro a representa\u00e7\u00e3o do maestro como que a comandar n\u00e3o s\u00f3 os elementos constituintes como tamb\u00e9m todo o equil\u00edbrio crom\u00e1tico da composi\u00e7\u00e3o, propondo ao centro uma for\u00e7a s\u00f3 conseguida com o contraste do preto com as restantes cores.<\/span><\/p>\n<p class=\"brz-text-lg-justify brz-bcp-color7 brz-tp-paragraph brz-css-nNWCU\"><span class=\"brz-cp-color7\">No caso concreto do painel a sobreposi\u00e7\u00e3o das formas entre os v\u00e1rios elementos promove a volumetria da pe\u00e7a que sendo bidimensional consegue assim obter um jogo de luz e sombra de acordo com a varia\u00e7\u00e3o da luz do dia, bem como as letras fixadas nos topos do painel. <\/span><\/p>\n<p class=\"brz-text-lg-right brz-bcp-color7 brz-tp-paragraph brz-css-nwuL8\"><span class=\"brz-cp-color7\">Por Bruno Prates <\/span><\/p>\n<\/div>\n<\/div>\n<\/div>\n<\/div>\n<\/div>\n<\/div>\n<\/div>\n<\/div>\n<\/div>\n<\/section><\/div>\n<p><!-- version:1753809181 --><\/p>\n","protected":false},"excerpt":{"rendered":"<p>filarmonica.alvorninha@gmail.com 916525680 &nbsp;Inscri\u00e7\u00e3o Escola de M\u00fasicaFa\u00e7a-se S\u00f3cio In\u00edcio Sobre Hist\u00f3ria Escola Not\u00edcias SFA &amp; Azeitonas Festival de Cinema de Turismo \u2013 Art&amp;Tur A Sinfonia dos Animais \u2013 Dan Brown Preserva\u00e7\u00e3o da Mem\u00f3ria SFA Bruno Prates Ilustra os 100 anos da SFA Contacto In\u00edcio Sobre Hist\u00f3ria Escola Not\u00edcias SFA &amp; Azeitonas Festival de Cinema de Turismo [&hellip;]<\/p>\n","protected":false},"author":2,"featured_media":0,"parent":0,"menu_order":0,"comment_status":"closed","ping_status":"closed","template":"brizy-blank-template.php","meta":{"_genesis_hide_title":false,"_genesis_hide_breadcrumbs":false,"_genesis_hide_singular_image":false,"_genesis_hide_footer_widgets":false,"_genesis_custom_body_class":"","_genesis_custom_post_class":"","_genesis_layout":"","footnotes":""},"class_list":{"0":"post-2210","1":"page","2":"type-page","3":"status-publish","5":"entry"},"brizy_media":[{"id":2268,"url":"https:\/\/www.sfalvorninha.pt\/wp-content\/uploads\/2021\/04\/IMG_4455.png","name":"IMG_4455.png","meta":{"brizy_attachment_uid":"wp-36d5a0a3bbfe89d00dd956de6d2cbfb3.png","brizy_post_uid":["8153bad23a7e3ad0974daf7a7c99ac59"]}},{"id":2269,"url":"https:\/\/www.sfalvorninha.pt\/wp-content\/uploads\/2021\/04\/IMG_4457.png","name":"IMG_4457.png","meta":{"brizy_attachment_uid":"wp-27a2f92ccb52f9dea6d4a1f00466cd35.png","brizy_post_uid":["8153bad23a7e3ad0974daf7a7c99ac59","0aae3afb18c4145b22fec889bca706b3"]}}],"_links":{"self":[{"href":"https:\/\/www.sfalvorninha.pt\/index.php\/wp-json\/wp\/v2\/pages\/2210","targetHints":{"allow":["GET"]}}],"collection":[{"href":"https:\/\/www.sfalvorninha.pt\/index.php\/wp-json\/wp\/v2\/pages"}],"about":[{"href":"https:\/\/www.sfalvorninha.pt\/index.php\/wp-json\/wp\/v2\/types\/page"}],"author":[{"embeddable":true,"href":"https:\/\/www.sfalvorninha.pt\/index.php\/wp-json\/wp\/v2\/users\/2"}],"replies":[{"embeddable":true,"href":"https:\/\/www.sfalvorninha.pt\/index.php\/wp-json\/wp\/v2\/comments?post=2210"}],"version-history":[{"count":12,"href":"https:\/\/www.sfalvorninha.pt\/index.php\/wp-json\/wp\/v2\/pages\/2210\/revisions"}],"predecessor-version":[{"id":4943,"href":"https:\/\/www.sfalvorninha.pt\/index.php\/wp-json\/wp\/v2\/pages\/2210\/revisions\/4943"}],"wp:attachment":[{"href":"https:\/\/www.sfalvorninha.pt\/index.php\/wp-json\/wp\/v2\/media?parent=2210"}],"curies":[{"name":"wp","href":"https:\/\/api.w.org\/{rel}","templated":true}]}}